{"id":278,"date":"2020-01-28T12:20:35","date_gmt":"2020-01-28T12:20:35","guid":{"rendered":"https:\/\/adflo.de\/?page_id=278"},"modified":"2020-11-20T08:02:31","modified_gmt":"2020-11-20T08:02:31","slug":"leistungen","status":"publish","type":"page","link":"https:\/\/www.adflo.de\/?page_id=278","title":{"rendered":"Leistungen"},"content":{"rendered":"<div data-colibri-id=\"278-c1\" class=\"style-287 style-local-278-c1 position-relative\">\r\n  <!---->\r\n  <div data-colibri-component=\"section\" data-colibri-id=\"278-c2\" id=\"about\" class=\"h-section h-section-global-spacing d-flex align-items-lg-center align-items-md-center align-items-center style-288 style-local-278-c2 position-relative\">\r\n    <!---->\r\n    <!---->\r\n    <div class=\"h-section-grid-container h-section-boxed-container\">\r\n      <!---->\r\n      <div data-colibri-id=\"278-c3\" class=\"h-row-container gutters-row-lg-2 gutters-row-md-2 gutters-row-2 gutters-row-v-lg-2 gutters-row-v-md-2 gutters-row-v-2 style-289 style-local-278-c3 position-relative\">\r\n        <!---->\r\n        <div class=\"h-row justify-content-lg-center justify-content-md-center justify-content-center align-items-lg-stretch align-items-md-stretch align-items-stretch gutters-col-lg-2 gutters-col-md-2 gutters-col-2 gutters-col-v-lg-2 gutters-col-v-md-2 gutters-col-v-2\">\r\n          <!---->\r\n          <div class=\"h-column h-column-container d-flex h-col-lg-auto h-col-md-auto h-col-auto style-290-outer style-local-278-c4-outer\">\r\n            <div data-colibri-id=\"278-c4\" class=\"d-flex h-flex-basis h-column__inner h-px-lg-2 h-px-md-2 h-px-2 v-inner-lg-2 v-inner-md-2 v-inner-2 style-290 style-local-278-c4 position-relative\">\r\n              <!---->\r\n              <!---->\r\n              <div class=\"w-100 h-y-container h-column__content h-column__v-align flex-basis-100 align-self-lg-center align-self-md-center align-self-center\">\r\n                <!---->\r\n                <div data-colibri-id=\"278-c5\" class=\"h-global-transition-all h-heading style-291 style-local-278-c5 position-relative h-element\">\r\n                  <!---->\r\n                  <!---->\r\n                  <h2 class=\"\">adflo GmbH \u2013 Leistungen die Sie \u00fcberzeugen.<\/h2>\r\n                <\/div>\r\n                <div data-colibri-id=\"278-c6\" class=\"h-lead h-text h-text-component style-292 style-local-278-c6 position-relative h-element\">\r\n                  <!---->\r\n                  <!---->\r\n                  <div class=\"\">\r\n                    <p>Fordern Sie uns heraus!\r\n                      <br>\r\n                    <\/p>\r\n                  <\/div>\r\n                <\/div>\r\n                <div data-colibri-id=\"278-c7\" class=\"h-text h-text-component style-293 style-local-278-c7 position-relative h-element\">\r\n                  <!---->\r\n                  <!---->\r\n                  <div class=\"\">\r\n                    <p>Nicht nur in privaten Haushalten wird Barrierefreiheit umgesetzt. Auch unterst\u00fctzen wir Architekten, Bauplaner, Entscheider sowie ausf\u00fchrende Firmen bei der Umsetzung und Planung schon von Beginn an und sind somit das Bindeglied zwischen\r\n                      Planer und Kunden.<\/p>\r\n                    <p>Beratung und Planung geh\u00f6ren zu unseren Kernaufgaben. Durch die eigene Produktion k\u00f6nnen wir gezielt auf Kundenw\u00fcnsche eingehen und diese kundenorientiert umsetzen. Die fachgerechte Montage der taktilen Leitsysteme und Orientierungssysteme\r\n                      steht f\u00fcr eine kompakte L\u00f6sung und Umsetzung f\u00fcr eine barrierefreie Zukunft.<\/p>\r\n                    <p>Weitere Produkte sind ebenfalls ein Bestandteil der Barrierefreiheit und somit auch der adflo GmbH:<\/p>\r\n                    <p>Glasmarkierung im Wechselkontrast | taktile Handlaufschilder | Stufenmarkierung | taktile \u00dcbersichtspl\u00e4ne<\/p>\r\n                    <p>Das Team der adflo GmbH sorgt f\u00fcr die optimale L\u00f6sung in Sachen optimaler Gestaltung und barrierefreier Umsetzung.<\/p>\r\n                  <\/div>\r\n                <\/div>\r\n                <div data-colibri-id=\"278-c8\" class=\"h-x-container style-294 style-local-278-c8 position-relative h-element\">\r\n                  <!---->\r\n                  <div class=\"h-x-container-inner style-dynamic-278-c8-group style-294-spacing style-local-278-c8-spacing\"><span class=\"h-button__outer style-295-outer style-local-278-c9-outer d-inline-flex h-element\"><a h-use-smooth-scroll=\"true\" href=\"mailto:hello@adflo.de\"  data-colibri-id=\"278-c9\" class=\"d-flex w-100 align-items-center h-button justify-content-lg-center justify-content-md-center justify-content-center style-295 style-local-278-c9 position-relative\"><!----><!----> <span>Kontakt<\/span><\/a>\r\n                    <\/span>\r\n                  <\/div>\r\n                <\/div>\r\n              <\/div>\r\n            <\/div>\r\n          <\/div>\r\n          <div class=\"h-column h-column-container d-flex h-col-lg-auto h-col-md-auto h-col-auto style-296-outer style-local-278-c10-outer\">\r\n            <div data-colibri-id=\"278-c10\" class=\"d-flex h-flex-basis h-column__inner h-px-lg-2 h-px-md-2 h-px-2 v-inner-lg-2 v-inner-md-2 v-inner-2 style-296 style-local-278-c10 position-relative\">\r\n              <!---->\r\n              <!---->\r\n              <div class=\"w-100 h-y-container h-column__content h-column__v-align flex-basis-100 align-self-lg-center align-self-md-center align-self-center\">\r\n                <!---->\r\n                <div data-colibri-id=\"278-c11\" class=\"h-multiple-image style-297 style-local-278-c11 position-relative h-element\">\r\n                  <!---->\r\n                  <div class=\"position-relative\">\r\n                    <div class=\"h-multiple-image-inside-container\">\r\n                      <div class=\"ratio-inner\">\r\n                        <div data-colibri-id=\"278-c12\" class=\"d-block style-298 style-local-278-c12 position-relative h-element\">\r\n                          <!---->\r\n                          <div class=\"h-image__frame-container-outer\">\r\n                            <div class=\"h-image__frame-container\">\r\n                              <!---->\r\n                              <div class=\"h-image__overlay style-298-overlay style-local-278-c12-overlay\">\r\n                                <div class=\"overlay-layer\">\r\n                                  <div class=\"overlay-image-layer\" style=\"background-color: rgb(255, 255, 255); opacity: 0.5;\"><\/div>\r\n                                  <div class=\"shape-layer\" style=\"background-image: url(&quot;&quot;); background-position: center center; background-size: cover; background-repeat: no-repeat; filter: invert(0%);\"><\/div>\r\n                                <\/div>\r\n                              <\/div>\r\n                              <img src=\"https:\/\/adflo.de\/wp-content\/uploads\/2020\/01\/colibri-image-321.png\" class=\"style-297-images style-local-278-c11-images style-298-image style-local-278-c12-image\">\r\n                              <div class=\"h-image__frame h-hide-lg h-hide-md h-hide-sm style-298-frameImage style-local-278-c12-frameImage\"><\/div>\r\n                            <\/div>\r\n                          <\/div>\r\n                        <\/div>\r\n                        <div data-colibri-id=\"278-c13\" class=\"d-block style-299 style-local-278-c13 position-relative h-element\">\r\n                          <!---->\r\n                          <div class=\"h-image__frame-container-outer\">\r\n                            <div class=\"h-image__frame-container\">\r\n                              <!---->\r\n                              <div class=\"h-image__overlay style-299-overlay style-local-278-c13-overlay\">\r\n                                <div class=\"overlay-layer\">\r\n                                  <div class=\"overlay-image-layer\" style=\"background-color: rgb(3, 169, 244); opacity: 0.5;\"><\/div>\r\n                                  <div class=\"shape-layer\" style=\"background-image: url(&quot;&quot;); background-position: center center; background-size: cover; background-repeat: no-repeat; filter: invert(0%);\"><\/div>\r\n                                <\/div>\r\n                              <\/div>\r\n                              <img src=\"https:\/\/adflo.de\/wp-content\/uploads\/2020\/01\/cropped-adflo-stade-taktile-Handlaufschilder_1.jpg\" class=\"style-297-images style-local-278-c11-images style-299-image style-local-278-c13-image\">\r\n                              <div class=\"h-image__frame h-hide-lg h-hide-md h-hide-sm style-299-frameImage style-local-278-c13-frameImage\"><\/div>\r\n                            <\/div>\r\n                          <\/div>\r\n                        <\/div>\r\n                        <div data-colibri-id=\"278-c14\" class=\"d-block style-300 style-local-278-c14 position-relative h-element\">\r\n                          <!---->\r\n                          <div class=\"h-image__frame-container-outer\">\r\n                            <div class=\"h-image__frame-container\">\r\n                              <!---->\r\n                              <div class=\"h-image__overlay style-300-overlay style-local-278-c14-overlay\">\r\n                                <div class=\"overlay-layer\">\r\n                                  <div class=\"overlay-image-layer\" style=\"background-color: rgb(3, 169, 244); opacity: 0.5;\"><\/div>\r\n                                  <div class=\"shape-layer\" style=\"background-image: url(&quot;&quot;); background-position: center center; background-size: cover; background-repeat: no-repeat; filter: invert(0%);\"><\/div>\r\n                                <\/div>\r\n                              <\/div>\r\n                              <img src=\"https:\/\/adflo.de\/wp-content\/uploads\/2020\/01\/cropped-adflo-stade-taktile-leitsysteme-team-content-2.jpg\" class=\"style-297-images style-local-278-c11-images style-300-image style-local-278-c14-image\">\r\n                              <div class=\"h-image__frame h-hide-lg h-hide-md h-hide-sm style-300-frameImage style-local-278-c14-frameImage\"><\/div>\r\n                            <\/div>\r\n                          <\/div>\r\n                        <\/div>\r\n                        <div data-colibri-id=\"278-c15\" class=\"d-block style-303 style-local-278-c15 position-relative h-element\">\r\n                          <!---->\r\n                          <div class=\"h-image__frame-container-outer\">\r\n                            <div class=\"h-image__frame-container\">\r\n                              <!---->\r\n                              <!---->\r\n                              <img src=\"https:\/\/adflo.de\/wp-content\/uploads\/2020\/01\/cropped-adflo-stade-taktile-Leitsysteme_1-1.jpg\" class=\"style-297-images style-local-278-c11-images style-303-image style-local-278-c15-image\">\r\n                              <div class=\"h-image__frame h-hide-lg h-hide-md h-hide-sm style-303-frameImage style-local-278-c15-frameImage\"><\/div>\r\n                            <\/div>\r\n                          <\/div>\r\n                        <\/div>\r\n                      <\/div>\r\n                    <\/div>\r\n                  <\/div>\r\n                <\/div>\r\n              <\/div>\r\n            <\/div>\r\n          <\/div>\r\n        <\/div>\r\n      <\/div>\r\n    <\/div>\r\n  <\/div>\r\n<\/div>","protected":false},"excerpt":{"rendered":"<p>adflo GmbH \u2013 Leistungen die Sie \u00fcberzeugen. Fordern Sie uns heraus! Nicht nur in privaten Haushalten wird Barrierefreiheit umgesetzt. Auch unterst\u00fctzen wir Architekten, Bauplaner, Entscheider sowie ausf\u00fchrende Firmen bei der Umsetzung und Planung schon von Beginn an und sind somit das Bindeglied zwischen Planer und Kunden. Beratung und Planung geh\u00f6ren zu unseren Kernaufgaben. Durch die [&hellip;]<\/p>\n","protected":false},"author":1,"featured_media":0,"parent":0,"menu_order":0,"comment_status":"closed","ping_status":"closed","template":"page-templates\/full-width-page.php","meta":[],"_links":{"self":[{"href":"https:\/\/www.adflo.de\/index.php?rest_route=\/wp\/v2\/pages\/278"}],"collection":[{"href":"https:\/\/www.adflo.de\/index.php?rest_route=\/wp\/v2\/pages"}],"about":[{"href":"https:\/\/www.adflo.de\/index.php?rest_route=\/wp\/v2\/types\/page"}],"author":[{"embeddable":true,"href":"https:\/\/www.adflo.de\/index.php?rest_route=\/wp\/v2\/users\/1"}],"replies":[{"embeddable":true,"href":"https:\/\/www.adflo.de\/index.php?rest_route=%2Fwp%2Fv2%2Fcomments&post=278"}],"version-history":[{"count":7,"href":"https:\/\/www.adflo.de\/index.php?rest_route=\/wp\/v2\/pages\/278\/revisions"}],"predecessor-version":[{"id":542,"href":"https:\/\/www.adflo.de\/index.php?rest_route=\/wp\/v2\/pages\/278\/revisions\/542"}],"wp:attachment":[{"href":"https:\/\/www.adflo.de\/index.php?rest_route=%2Fwp%2Fv2%2Fmedia&parent=278"}],"curies":[{"name":"wp","href":"https:\/\/api.w.org\/{rel}","templated":true}]}}