{"id":7,"date":"2020-01-27T13:38:00","date_gmt":"2020-01-27T13:38:00","guid":{"rendered":"https:\/\/adflo.de\/?page_id=7"},"modified":"2020-07-10T07:36:02","modified_gmt":"2020-07-10T07:36:02","slug":"impressum-datenschutz","status":"publish","type":"page","link":"https:\/\/www.adflo.de\/?page_id=7","title":{"rendered":"Impressum &#038; Datenschutzhinweise"},"content":{"rendered":"\n<div class=\"wp-block-image\"><figure class=\"aligncenter size-large\"><img loading=\"lazy\" width=\"150\" height=\"69\" src=\"https:\/\/adflo.de\/wp-content\/uploads\/2020\/01\/adflo-Logo150px-Stade-taktile-leitsysteme.png\" alt=\"\" class=\"wp-image-19\"\/><\/figure><\/div>\n\n\n\n<p><strong>Impressum<\/strong><\/p>\n\n\n\n<p>adflo GmbH | Barrierefrei mit System \u00b7 Salinenstra\u00dfe 5 \u00b7 21680 Stade<\/p>\n\n\n\n<p><\/p>\n\n\n\n<p>Tel: +494141 77528320 \u00b7 Fax: +494141 77528321\u00b7 hello@adflo.de \u00b7 www.adflo.de<\/p>\n\n\n\n<p>Gesch\u00e4ftsf\u00fchrer: Tom Becker \u00b7 Amtsgericht Tostedt \u00b7 Handelsregister HRB 206639 \u00b7 USt &#8211; IdNr.: DE 298860470<\/p>\n\n\n\n<p>Bildquellen: Adobe Stock_242955192 , 291614957; weitere Motive \u00fcber die  adflo GmbH. Texte &amp; Rechtstexte adflo GmbH<\/p>\n\n\n\n<p><strong>1. Datenschutz auf einen Blick<\/strong><br><strong>1.1 Allgemeine Hinweise<\/strong><br>Die\n folgenden Hinweise geben einen einfachen \u00dcberblick dar\u00fcber, was mit \nIhren personenbezogenen Daten geschieht, wenn Sie unsere Website \nbesuchen. Personenbezogene Daten sind alle Daten, mit denen Sie \npers\u00f6nlich identifiziert werden k\u00f6nnen. Ausf\u00fchrliche Informationen zum \nThema Datenschutz entnehmen Sie bitte unserer unter diesem Text \naufgef\u00fchrten Datenschutzhinweisen.<\/p>\n\n\n\n<p><strong>Datenerfassung auf unserer Website<\/strong><br><strong>1.2 Wer ist verantwortlich f\u00fcr die Datenerfassung auf dieser Website?<\/strong><br>Die\n Datenverarbeitung auf dieser Website erfolgt durch den \nWebsitebetreiber. Dessen Kontaktdaten k\u00f6nnen Sie dem Impressum dieser \nWebsite entnehmen.<br><br><strong>1.3 Wie erfassen wir Ihre Daten?<\/strong><br>Ihre\n Daten werden zum einen dadurch erhoben, dass Sie uns diese mitteilen. \nHierbei kann es sich z.B. um Daten handeln, die Sie in ein \nKontaktformular eingeben.<\/p>\n\n\n\n<p>Andere Daten werden automatisch beim \nBesuch der Website durch unsere IT-Systeme erfasst. Das sind vor allem \ntechnische Daten (z.B. Internetbrowser, Betriebssystem oder Uhrzeit des \nSeitenaufrufs). Die Erfassung dieser Daten erfolgt automatisch, sobald \nSie unsere Website betreten.<\/p>\n\n\n\n<p><strong>1.4 Wof\u00fcr nutzen wir Ihre Daten?<\/strong><br>Ein\n Teil der Daten wird erhoben, um eine fehlerfreie Bereitstellung der \nWebsite zu gew\u00e4hrleisten. Andere Daten k\u00f6nnen zur Analyse Ihres \nNutzerverhaltens verwendet werden.<\/p>\n\n\n\n<p><strong>1.5 Welche Rechte haben Sie bez\u00fcglich Ihrer Daten?<\/strong><br>Sie\n haben das Recht, jederzeit unentgeltlich Auskunft \u00fcber Herkunft, \nEmpf\u00e4nger und Zweck Ihrer gespeicherten personenbezogenen Daten zu \nerhalten. Sie haben zudem ein Recht, die Berichtigung, Sperrung oder \nL\u00f6schung dieser gespeicherten Daten zu verlangen. Unter der im Impressum\n angegebenen Adresse k\u00f6nnen Sie sich jederzeit hierzu sowie zu weiteren \nFragen zum Thema Datenschutz an uns wenden. Bei einer Aufsichtsbeh\u00f6rde \nsteht Ihnen zudem ein Beschwerderecht zu.<\/p>\n\n\n\n<p><strong>1.6 Analyse-Tools und Tools von Drittanbietern<\/strong><br>Ihr\n Surf-Verhalten kann beim Besuch unserer Website statistisch ausgewertet\n werden. Das geschieht vor allem mit Cookies und mit sogenannten \nAnalyseprogrammen. Die Analyse Ihres Surf-Verhaltens erfolgt in der \nRegel anonym; das Surf-Verhalten kann nicht zu Ihnen zur\u00fcckverfolgt \nwerden. Sie k\u00f6nnen dieser Analyse widersprechen oder sie durch die \nNichtbenutzung bestimmter Tools verhindern. In der folgenden \nDatenschutzerkl\u00e4rung finden Sie detaillierte Informationen dazu. Dieser \nAnalyse k\u00f6nnen Sie widersprechen. \u00dcber die Widerspruchsm\u00f6glichkeiten \nwerden wir Sie in dieser Datenschutzerkl\u00e4rung informieren.<\/p>\n\n\n\n<p><strong>2. Allgemeine Hinweise und Pflichtinformationen<\/strong><br><strong>2.1 Datenschutz<\/strong><br>Den\n Schutz Ihrer pers\u00f6nlichen Daten nehmen die Betreiber dieser Seiten sehr\n ernst. Wir behandeln Ihre personenbezogenen Daten vertraulich und \nentsprechend der gesetzlichen Datenschutzvorschriften sowie diesen \nDatenschutzhinweisen.<br>Es werden verschiedene personenbezogene Daten \nerhoben, wenn Sie diese Website benutzen. Personenbezogene Daten sind \nDaten, mit denen Sie pers\u00f6nlich identifiziert werden k\u00f6nnen. Die \nvorliegenden Datenschutzhinweise erl\u00e4utern, welche Daten wir erheben und\n wof\u00fcr wir sie nutzen. Sie erl\u00e4utert auch, wie und zu welchem Zweck das \ngeschieht.<br>Wir weisen darauf hin, dass die Daten\u00fcbertragung im \nInternet (z.B. bei der Kommunikation per E-Mail) Sicherheitsl\u00fccken \naufweisen kann. Es ist nicht m\u00f6glich, einen l\u00fcckenlosen Schutz der Daten\n vor dem Zugriff durch Dritte zu erm\u00f6glichen.<\/p>\n\n\n\n<p><strong>2.2 Hinweis zur verantwortlichen Stelle<\/strong><br>Die verantwortliche Stelle f\u00fcr die Datenverarbeitung auf dieser Website ist:<br>adflo GmbH | Barrierefrei mit System \u00b7 Salinenstra\u00dfe 5 \u00b7 21680 Stade, Tel: +494141 77528320 \u00b7 Fax: +494141 77528321\u00b7 hello@adflo.de \u00b7 www.adflo.de, Gesch\u00e4ftsf\u00fchrer: Tom Becker \u00b7 Amtsgericht Tostedt \u00b7 Handelsregister HRB 206639 \u00b7 USt &#8211; IdNr.: DE 298860470<\/p>\n\n\n\n<p>Die nat\u00fcrliche oder juristische Person \nist die verantwortliche Stelle, die allein oder gemeinsam mit anderen \n\u00fcber die Zwecke und Mittel der Verarbeitung von personenbezogenen Daten \n(z.B. Namen, E-Mail-Adressen o. \u00c4.) entscheidet.<\/p>\n\n\n\n<p><strong>2.3 Widerruf Ihrer Einwilligung zur Datenverarbeitung<\/strong><br>Nur\n mit Ihrer ausdr\u00fccklichen Einwilligung sind viele der \nDatenverarbeitungsvorg\u00e4nge erst m\u00f6glich. Sie haben zudem auch die \nM\u00f6glichkeit, eine bereits erteilte Einwilligung jederzeit zu widerrufen.\n Eine formlose Mitteilung per E-Mail an uns reicht hierf\u00fcr vollkommen \naus. Die Rechtm\u00e4\u00dfigkeit der bis zum Widerruf erfolgten Datenverarbeitung\n bleibt vom Widerruf unber\u00fchrt.<\/p>\n\n\n\n<p><strong>2.4 Beschwerderecht bei einer Aufsichtsbeh\u00f6rde<\/strong><br>Dem  Betroffenen steht ein Beschwerderecht im Falle von  datenschutzrechtlichen Verst\u00f6\u00dfen bei der zust\u00e4ndigen Aufsichtsbeh\u00f6rde  zu. Zust\u00e4ndige Aufsichtsbeh\u00f6rde in datenschutzrechtlichen Fragen ist der  Landesdatenschutzbeauftragte des Bundeslandes, in dem unser Unternehmen  seinen Sitz hat. Eine Liste der Datenschutzbeauftragten sowie deren  Kontaktdaten k\u00f6nnen folgendem Link entnommen werden: <a rel=\"noreferrer noopener\" href=\"https:\/\/www.bfdi.bund.de\/DE\/Infothek\/Anschriften_Links\/anschriften_links-node.html\" target=\"_blank\">https:\/\/www.bfdi.bund.de\/DE\/Infothek\/Anschriften_Links\/anschriften_links-node.html<\/a><\/p>\n\n\n\n<p><strong>2.5 Recht auf Daten\u00fcbertragbarkeit<\/strong><br>Sie\n haben das Recht, Daten, die wir auf Grundlage Ihrer Einwilligung oder \nin Erf\u00fcllung eines Vertrags automatisiert verarbeiten, an sich oder an \neinen Dritten in einem g\u00e4ngigen, maschinenlesbaren Format aush\u00e4ndigen zu\n lassen. Sofern Sie die direkte \u00dcbertragung der Daten an einen anderen \nVerantwortlichen verlangen, erfolgt dies nur, soweit es technisch \nmachbar ist.<\/p>\n\n\n\n<p><strong>2.6 Verschl\u00fcsselter Zahlungsverkehr auf dieser Website<\/strong><br>Besteht\n nach dem Abschluss eines kostenpflichtigen Vertrags eine Verpflichtung,\n uns Ihre Zahlungsdaten (z.B. Kontonummer bei Einzugserm\u00e4chtigung) zu \n\u00fcbermitteln, werden diese Daten zur Zahlungsabwicklung ben\u00f6tigt.<br>Der \nZahlungsverkehr \u00fcber die g\u00e4ngigen Zahlungsmittel (Visa\/MasterCard, \nLastschriftverfahren) erfolgt ausschlie\u00dflich \u00fcber eine verschl\u00fcsselte \nSSL- bzw. TLS-Verbindung. Eine verschl\u00fcsselte Verbindung erkennen Sie \ndaran, dass die Adresszeile des Browsers von \u201ehttp:\/\/\u201c auf \u201ehttps:\/\/\u201c \nwechselt und an dem Schloss-Symbol in Ihrer Browserzeile.<br>Bei verschl\u00fcsselter Kommunikation k\u00f6nnen Ihre Zahlungsdaten, die Sie an uns \u00fcbermitteln, nicht von Dritten mitgelesen werden.<\/p>\n\n\n\n<p><strong>2.7 Auskunft, Sperrung, L\u00f6schung<\/strong><br>Sie\n haben das Recht auf unentgeltliche Auskunft \u00fcber Ihre gespeicherten \npersonenbezogenen Daten im Rahmen der geltenden gesetzlichen \nBestimmungen, deren Herkunft und Empf\u00e4nger und den Zweck der \nDatenverarbeitung und ggf. ein Recht auf Berichtigung, Sperrung oder \nL\u00f6schung dieser Daten. Unter der im Impressum angegebenen Adresse k\u00f6nnen\n Sie hierzu sowie zu weiteren Fragen zum Thema personenbezogene Daten \nsich jederzeit an uns wenden.<\/p>\n\n\n\n<p><strong>2.8 Widerspruch gegen Werbe-Mails<\/strong><br>Der\n Nutzung von im Rahmen der Impressumspflicht ver\u00f6ffentlichten \nKontaktdaten zur \u00dcbersendung von nicht ausdr\u00fccklich angeforderter \nWerbung und Informationsmaterialien wird hiermit widersprochen. Im Falle\n der unverlangten Zusendung von Werbeinformationen, etwa durch \nSpam-E-Mails, behalten sich die Betreiber der Seiten ausdr\u00fccklich \nrechtliche Schritte vor.<\/p>\n\n\n\n<p><strong>3. Datenerfassung auf unserer Website<\/strong><br><strong>3.1 Cookies<\/strong><br>Die\n Internetseiten verwenden teilweise so genannte Cookies. Cookies richten\n auf Ihrem Rechner keinen Schaden an und enthalten keine Viren. Cookies \ndienen dazu, unser Angebot nutzerfreundlicher, effektiver und sicherer \nzu machen. Cookies sind kleine Textdateien, die auf Ihrem Rechner \nabgelegt werden und die Ihr Browser speichert.<br>Die meisten der von \nuns verwendeten Cookies sind so genannte \u201cSession-Cookies\u201d, welche nach \nEnde Ihres Besuchs automatisch gel\u00f6scht werden. Andere Cookies bleiben \nauf Ihrem Endger\u00e4t gespeichert, bis Sie diese selbst l\u00f6schen. Diese \nCookies erm\u00f6glichen es uns, Ihren Browser beim n\u00e4chsten Besuch \nwiederzuerkennen.Sie k\u00f6nnen Ihren Browser so einstellen, dass Sie \u00fcber \ndas Setzen von Cookies informiert werden und Cookies nur im Einzelfall \nerlauben, die Annahme von Cookies f\u00fcr bestimmte F\u00e4lle oder generell \nausschlie\u00dfen sowie das automatische L\u00f6schen der Cookies beim Schlie\u00dfen \ndes Browser aktivieren. Die Funktionalit\u00e4t dieser Website kann bei der \nDeaktivierung von Cookies eingeschr\u00e4nkt sein.<\/p>\n\n\n\n<p>Cookies, die zur Durchf\u00fchrung des \nelektronischen Kommunikationsvorgangs oder zur Bereitstellung \nbestimmter, von Ihnen erw\u00fcnschter Funktionen (z.B. Warenkorbfunktion) \nerforderlich sind, werden auf Grundlage von Art. 6 Abs. 1 lit. f DSGVO \ngespeichert. Der Websitebetreiber hat ein berechtigtes Interesse an der \nSpeicherung von Cookies zur technisch fehlerfreien und optimierten \nBereitstellung seiner Dienste. Soweit andere Cookies (z.B. Cookies zur \nAnalyse Ihres Surfverhaltens) gespeichert werden, werden diese in dieser\n Datenschutzerkl\u00e4rung gesondert behandelt.<\/p>\n\n\n\n<p><strong>3.2 Server-Log-Dateien<\/strong><br>Der\n Provider der Seiten erhebt und speichert automatisch Informationen in \nso genannten Server-Log-Dateien, die Ihr Browser automatisch an uns \n\u00fcbermittelt. Dies sind: Browsertyp und Browserversion, verwendetes \nBetriebssystem, Referrer URL, Hostname des zugreifenden Rechners, \nUhrzeit der Serveranfrage, IP-Adresse.<\/p>\n\n\n\n<p>Eine Zusammenf\u00fchrung dieser Daten mit anderen Datenquellen wird nicht vorgenommen.<br>Grundlage\n f\u00fcr die Datenverarbeitung ist Art. 6 Abs. 1 lit. f DSGVO, der die \nVerarbeitung von Daten zur Erf\u00fcllung eines Vertrags oder \nvorvertraglicher Ma\u00dfnahmen gestattet.<\/p>\n\n\n\n<p><strong>4. Soziale Medien<\/strong><br><strong>4.1 Facebook-Plugins (Like &amp; Share-Button)<\/strong><br>Auf  unseren Seiten sind Plugins des sozialen Netzwerks Facebook, Anbieter  Facebook Inc., 1 Hacker Way, Menlo Park, California 94025, USA,  integriert. Die Facebook-Plugins erkennen Sie an dem Facebook-Logo oder  dem \u201eLike-Button\u201c (\u201eGef\u00e4llt mir\u201c) auf unserer Seite. Eine \u00dcbersicht \u00fcber  die Facebook-Plugins finden Sie hier:  <a rel=\"noreferrer noopener\" href=\"https:\/\/developers.facebook.com\/docs\/plugins\/\" target=\"_blank\">https:\/\/developers.facebook.com\/docs\/plugins\/<\/a><\/p>\n\n\n\n<p>\u00dcber das Plugin wird eine direkte  Verbindung zwischen Ihrem Browser und dem Facebook-Server hergestellt,  wenn Sie unsere Seiten besuchen. Facebook erh\u00e4lt dadurch die  Information, dass Sie mit Ihrer IP-Adresse unsere Seite besucht haben.  Wenn Sie den Facebook \u201eLike-Button\u201c anklicken w\u00e4hrend Sie in Ihrem  Facebook-Account eingeloggt sind, k\u00f6nnen Sie die Inhalte unserer Seiten  auf Ihrem Facebook-Profil verlinken. Facebook kann so den Besuch unserer  Seiten Ihrem Benutzerkonto zuordnen. Wir weisen darauf hin, dass wir  als Anbieter der Seiten keine Kenntnis vom Inhalt der \u00fcbermittelten  Daten sowie deren Nutzung durch Facebook erhalten. Weitere Informationen  hierzu finden Sie in der Datenschutzerkl\u00e4rung von Facebook unter: <a rel=\"noreferrer noopener\" href=\"https:\/\/de-de.facebook.com\/policy.php\" target=\"_blank\">https:\/\/de-de.facebook.com\/policy.php<\/a><\/p>\n\n\n\n<p>Loggen Sie sich bitte aus Ihrem \nFacebook-Benutzerkonto aus, wenn Sie nicht w\u00fcnschen, dass Facebook den \nBesuch unserer Seiten Ihrem Facebook-Nutzerkonto zuordnen soll.<\/p>\n\n\n\n<p><strong>5. Analyse Tools und Werbung<\/strong><br><strong>5.1 Browser Plugin<\/strong><br>Durch eine Einstellung Ihrer Browser-Software k\u00f6nnen Sie die Speicherung der  Cookies verhindern; wir weisen Sie jedoch darauf hin, dass Sie in diesem  Fall gegebenenfalls nicht s\u00e4mtliche Funktionen dieser Website  vollumf\u00e4nglich werden nutzen k\u00f6nnen. Sie k\u00f6nnen dar\u00fcber hinaus die  Erfassung der durch den Cookie erzeugten und auf Ihre Nutzung der Website bezogenen Daten (inkl. Ihrer IP-Adresse) an Google sowie die Verarbeitung dieser Daten durch Google verhindern, indem Sie das von Google verf\u00fcgbare Browser-Plugin herunterladen und  installieren.<\/p>\n\n\n\n<p><strong>5.2 Widerspruch gegen Datenerfassung<\/strong><br>Die durch Google Analytics erfassten Daten k\u00f6nnen durch Besuch der Seite google.com; Dateschutzerkl\u00e4rung; Datenweitergabe verhindern. Es wird ein Opt-Out-Cookie gesetzt, der die  Erfassung Ihrer Daten bei zuk\u00fcnftigen Besuchen dieser Website verhindert: Google Analytics deaktivieren.<\/p>\n\n\n\n<p>Mehr Informationen zum Umgang mit Nutzerdaten bei Google Analytics finden Sie in der Datenschutzerkl\u00e4rung von Google. <\/p>\n\n\n\n<p>Zust\u00e4ndig: Google Ireland Limited, Gordon House, 4 Barrow Street, D04 E5W5 Dublin, Irland.<\/p>\n\n\n\n<p><strong>6. Plugins und Tools<\/strong><br><strong>6.1 Google Web Fonts<\/strong><br>Diese\n Seite nutzt zur einheitlichen Darstellung von Schriftarten so genannte \nWeb Fonts, die von Google bereitgestellt werden. Beim Aufruf einer Seite\n l\u00e4dt Ihr Browser die ben\u00f6tigten Web Fonts in ihren Browsercache, um \nTexte und Schriftarten korrekt anzuzeigen.<\/p>\n\n\n\n<p>Zu den Servern von Google muss der von \nIhnen verwendete Browser Verbindung zu diesem Zweck aufnehmen. Hierdurch\n erlangt Google Kenntnis dar\u00fcber, dass \u00fcber Ihre IP-Adresse unsere \nWebsite aufgerufen wurde. Im Interesse einer einheitlichen und \nansprechenden Darstellung unserer Online-Angebote erfolgt die Nutzung \nvon Google Web Fonts. Dies stellt ein berechtigtes Interesse im Sinne \nvon Art. 6 Abs. 1 lit. f DSGVO dar.<\/p>\n\n\n\n<p>Eine Standardschrift von Ihrem Computer  wird genutzt, wenn Ihr Browser Web Fonts nicht unterst\u00fctzt. <\/p>\n\n\n\n<p><\/p>\n\n\n\n<p><strong>7. Datenschutzerkl\u00e4rung f\u00fcr die Nutzung von Google Analytics<\/strong><br>Diese Website benutzt Google Analytics, einen Webanalysedienst der Google Inc. (&#8222;Google&#8220;). Google Analytics verwendet sog. &#8222;Cookies&#8220;, Textdateien, die auf Ihrem Computer gespeichert werden und die eine Analyse der Benutzung der Website durch Sie erm\u00f6glicht. Die durch den Cookie erzeugten Informationen \u00fcber Ihre Benutzung dieser Website (einschlie\u00dflich Ihrer IP-Adresse) wird an einen Server von Google in den USA \u00fcbertragen und dort gespeichert. Google wird diese Informationen benutzen, um Ihre Nutzung der Website auszuwerten, um Reports \u00fcber die Websiteaktivit\u00e4ten f\u00fcr die Websitebetreiber zusammenzustellen und um weitere mit der Websitenutzung und der Internetnutzung verbundene Dienstleistungen zu erbringen. Auch wird Google diese Informationen gegebenenfalls an Dritte \u00fcbertragen, sofern dies gesetzlich vorgeschrieben ist oder soweit Dritte diese Daten im Auftrag von Google verarbeiten. Google wird in keinem Fall Ihre IP-Adresse mit anderen Daten der Google Inc. in Verbindung bringen.<\/p>\n\n\n\n<p>Sie k\u00f6nnen die Installation der Cookies durch eine entsprechende Einstellung Ihrer Browser Software verhindern; wir weisen Sie jedoch darauf hin, dass Sie in diesem Fall gegebenenfalls nicht s\u00e4mtliche Funktionen dieser Website voll umf\u00e4nglich nutzen k\u00f6nnen. Durch die Nutzung dieser Website erkl\u00e4ren Sie sich mit der Bearbeitung der \u00fcber Sie erhobenen Daten durch Google in der zuvor beschriebenen Art und Weise und zu dem zuvor benannten Zweck einverstanden.<\/p>\n\n\n\n<p><strong>8. Datenschutzerkl\u00e4rung f\u00fcr das Kontaktformular<\/strong><\/p>\n\n\n\n<p><strong>Nutzung Ihrer Daten aus diesem Formular<\/strong><br><br> Die personenbezogenen Daten, die Sie uns im Rahmen dieser Kontaktanfrage  zur Verf\u00fcgung stellen, werden nur f\u00fcr die Beantwortung Ihrer Anfrage  bzw. Kontaktaufnahme und f\u00fcr die damit verbundene technische  Administration verwendet. Die Weitergabe an Dritte findet nicht statt. <br><br> Sie haben das Recht, eine erteilte Einwilligung mit Wirkung f\u00fcr die  Zukunft jederzeit zu widerrufen. In diesem Fall werden Ihre  personenbezogenen Daten umgehend gel\u00f6scht. <br><br> Ihre personenbezogenen Daten werden auch ohne Ihren Widerruf gel\u00f6scht,  wenn wir Ihre Anfrage bearbeitet haben oder Sie die hier erteilte  Einwilligung zur Speicherung widerrufen. Dies geschieht auch, wenn die  Speicherung aus sonstigen gesetzlichen Gr\u00fcnden unzul\u00e4ssig ist. <br><br> Sie k\u00f6nnen sich jederzeit \u00fcber die zu Ihrer Person gespeicherten Daten informieren. <\/p>\n\n\n\n<p><br><\/p>\n\n\n\n<p>Quellverweis: Disclaimer eRecht24, Datenschutzerkl\u00e4rung f\u00fcr Google Analytics<\/p>\n","protected":false},"excerpt":{"rendered":"<p>Impressum adflo GmbH | Barrierefrei mit System \u00b7 Salinenstra\u00dfe 5 \u00b7 21680 Stade Tel: +494141 77528320 \u00b7 Fax: +494141 77528321\u00b7 hello@adflo.de \u00b7 www.adflo.de Gesch\u00e4ftsf\u00fchrer: Tom Becker \u00b7 Amtsgericht Tostedt \u00b7 Handelsregister HRB 206639 \u00b7 USt &#8211; IdNr.: DE 298860470 Bildquellen: Adobe Stock_242955192 , 291614957; weitere Motive \u00fcber die adflo GmbH. Texte &amp; Rechtstexte adflo GmbH [&hellip;]<\/p>\n","protected":false},"author":1,"featured_media":0,"parent":0,"menu_order":0,"comment_status":"closed","ping_status":"closed","template":"","meta":[],"_links":{"self":[{"href":"https:\/\/www.adflo.de\/index.php?rest_route=\/wp\/v2\/pages\/7"}],"collection":[{"href":"https:\/\/www.adflo.de\/index.php?rest_route=\/wp\/v2\/pages"}],"about":[{"href":"https:\/\/www.adflo.de\/index.php?rest_route=\/wp\/v2\/types\/page"}],"author":[{"embeddable":true,"href":"https:\/\/www.adflo.de\/index.php?rest_route=\/wp\/v2\/users\/1"}],"replies":[{"embeddable":true,"href":"https:\/\/www.adflo.de\/index.php?rest_route=%2Fwp%2Fv2%2Fcomments&post=7"}],"version-history":[{"count":23,"href":"https:\/\/www.adflo.de\/index.php?rest_route=\/wp\/v2\/pages\/7\/revisions"}],"predecessor-version":[{"id":905,"href":"https:\/\/www.adflo.de\/index.php?rest_route=\/wp\/v2\/pages\/7\/revisions\/905"}],"wp:attachment":[{"href":"https:\/\/www.adflo.de\/index.php?rest_route=%2Fwp%2Fv2%2Fmedia&parent=7"}],"curies":[{"name":"wp","href":"https:\/\/api.w.org\/{rel}","templated":true}]}}